{"id":173154,"date":"2026-02-28T18:36:51","date_gmt":"2026-02-28T17:36:51","guid":{"rendered":"https:\/\/tc-projects.com\/request-a-quote\/"},"modified":"2026-04-09T13:30:26","modified_gmt":"2026-04-09T11:30:26","slug":"request-a-quote","status":"publish","type":"page","link":"https:\/\/tc-projects.com\/en\/request-a-quote\/","title":{"rendered":"Request a quote"},"content":{"rendered":"<div class=\"wpb-content-wrapper\"><p>[vc_row row_height_percent=&#8221;0&#8243; override_padding=&#8221;yes&#8221; h_padding=&#8221;2&#8243; top_padding=&#8221;5&#8243; bottom_padding=&#8221;5&#8243; back_color=&#8221;color-lxmt&#8221; overlay_alpha=&#8221;50&#8243; gutter_size=&#8221;4&#8243; column_width_percent=&#8221;100&#8243; border_style=&#8221;solid&#8221; shift_y=&#8221;0&#8243; z_index=&#8221;0&#8243; content_parallax=&#8221;0&#8243; uncode_shortcode_id=&#8221;270555&#8243; border_color_type=&#8221;uncode-solid&#8221; border_color_solid=&#8221;#e5e3df&#8221; css=&#8221;.vc_custom_1772300231079{border-top-width: 1px !important;}&#8221; back_color_type=&#8221;uncode-palette&#8221; row_name=&#8221;presupuesto&#8221; el_id=&#8221;quote&#8221;][vc_column column_width_percent=&#8221;100&#8243; position_vertical=&#8221;justify&#8221; gutter_size=&#8221;3&#8243; overlay_alpha=&#8221;50&#8243; shift_x=&#8221;0&#8243; shift_y=&#8221;0&#8243; shift_y_down=&#8221;0&#8243; z_index=&#8221;0&#8243; medium_width=&#8221;0&#8243; mobile_width=&#8221;0&#8243; css_animation=&#8221;alpha-anim&#8221; animation_speed=&#8221;1000&#8243; width=&#8221;1\/2&#8243; uncode_shortcode_id=&#8221;975089&#8243;][vc_row_inner limit_content=&#8221;&#8221;][vc_column_inner column_width_percent=&#8221;100&#8243; gutter_size=&#8221;2&#8243; overlay_alpha=&#8221;50&#8243; shift_x=&#8221;0&#8243; shift_y=&#8221;0&#8243; shift_y_down=&#8221;0&#8243; z_index=&#8221;0&#8243; medium_width=&#8221;0&#8243; mobile_width=&#8221;0&#8243; width=&#8221;1\/1&#8243; uncode_shortcode_id=&#8221;698351&#8243;][vc_custom_heading text_color=&#8221;accent&#8221; heading_semantic=&#8221;h1&#8243; text_size=&#8221;h6&#8243; text_weight=&#8221;500&#8243; text_transform=&#8221;uppercase&#8221; uncode_shortcode_id=&#8221;211875&#8243; text_color_type=&#8221;uncode-palette&#8221;]REQUEST A QUOTE[\/vc_custom_heading][vc_custom_heading text_size=&#8221;custom&#8221; text_weight=&#8221;600&#8243; uncode_shortcode_id=&#8221;149579&#8243; heading_custom_size=&#8221;clamp(23px, 2.5vw, 28px)&#8221;]Every space is unique, and your project should be too.[\/vc_custom_heading][vc_column_text uncode_shortcode_id=&#8221;209054&#8243;]Complete the form below with the measurements, style, and features you want, and our team will prepare a personalized proposal tailored to your needs.<\/p>\n<p>The more details you provide (dimensions, upholstery type, firmness, modules, chaise longue, etc.), the more accurate the quote will be.<\/p>\n<p>We will contact you as soon as possible.[\/vc_column_text][\/vc_column_inner][\/vc_row_inner][\/vc_column][vc_column column_width_percent=&#8221;100&#8243; gutter_size=&#8221;3&#8243; overlay_alpha=&#8221;50&#8243; radius=&#8221;xl&#8221; shift_x=&#8221;0&#8243; shift_y=&#8221;0&#8243; shift_y_down=&#8221;0&#8243; z_index=&#8221;0&#8243; medium_visibility=&#8221;yes&#8221; medium_width=&#8221;0&#8243; mobile_width=&#8221;0&#8243; css_animation=&#8221;alpha-anim&#8221; animation_speed=&#8221;1000&#8243; width=&#8221;1\/2&#8243; uncode_shortcode_id=&#8221;421486&#8243;]\n<div class=\"wpcf7 no-js\" id=\"wpcf7-f173130-o1\" lang=\"en-US\" dir=\"ltr\" data-wpcf7-id=\"173130\">\n<div class=\"screen-reader-response\"><p role=\"status\" aria-live=\"polite\" aria-atomic=\"true\"><\/p> <ul><\/ul><\/div>\n<form action=\"\/en\/wp-json\/wp\/v2\/pages\/173154#wpcf7-f173130-o1\" method=\"post\" class=\"wpcf7-form init\" aria-label=\"Contact form\" novalidate=\"novalidate\" data-status=\"init\">\n<fieldset class=\"hidden-fields-container\"><input type=\"hidden\" name=\"_wpcf7\" value=\"173130\" \/><input type=\"hidden\" name=\"_wpcf7_version\" value=\"6.1.5\" \/><input type=\"hidden\" name=\"_wpcf7_locale\" value=\"en_US\" \/><input type=\"hidden\" name=\"_wpcf7_unit_tag\" value=\"wpcf7-f173130-o1\" \/><input type=\"hidden\" name=\"_wpcf7_container_post\" value=\"0\" \/><input type=\"hidden\" name=\"_wpcf7_posted_data_hash\" value=\"\" \/>\n<\/fieldset>\n<p><span class=\"wpcf7-form-control-wrap\" data-name=\"your-name\"><input size=\"40\" maxlength=\"400\" class=\"wpcf7-form-control wpcf7-text wpcf7-validates-as-required form-fluid\" aria-required=\"true\" aria-invalid=\"false\" placeholder=\"Name\" value=\"\" type=\"text\" name=\"your-name\" \/><\/span>\n<\/p>\n<div class=\"wpcf7-inline-wrapper\">\n\t<p class=\"wpcf7-inline-field wpcf7-inline-field-text\"><span class=\"wpcf7-form-control-wrap\" data-name=\"your-email\"><input size=\"40\" maxlength=\"400\" class=\"wpcf7-form-control wpcf7-email wpcf7-validates-as-required wpcf7-text wpcf7-validates-as-email form-fluid\" aria-required=\"true\" aria-invalid=\"false\" placeholder=\"Email\" value=\"\" type=\"email\" name=\"your-email\" \/><\/span>\n\t<\/p>\n\t<p class=\"wpcf7-inline-field wpcf7-inline-field-text\"><span class=\"wpcf7-form-control-wrap\" data-name=\"your-phone\"><input size=\"40\" maxlength=\"400\" class=\"wpcf7-form-control wpcf7-tel wpcf7-validates-as-required wpcf7-text wpcf7-validates-as-tel form-fluid\" aria-required=\"true\" aria-invalid=\"false\" placeholder=\"Phone number\" value=\"\" type=\"tel\" name=\"your-phone\" \/><\/span>\n\t<\/p>\n<\/div>\n<p><input type=\"hidden\" name=\"your-product\" id=\"your-product\" value=\"\" \/><input type=\"hidden\" name=\"your-category\" id=\"your-category\" value=\"\" \/>\n<\/p>\n<p><span class=\"wpcf7-form-control-wrap\" data-name=\"your-message\"><textarea cols=\"40\" rows=\"10\" maxlength=\"2000\" class=\"wpcf7-form-control wpcf7-textarea wpcf7-validates-as-required\" aria-required=\"true\" aria-invalid=\"false\" placeholder=\"Message\" name=\"your-message\"><\/textarea><\/span>\n<\/p>\n<p><label><span class=\"wpcf7-form-control-wrap\" data-name=\"legal\"><span class=\"wpcf7-form-control wpcf7-acceptance\"><span class=\"wpcf7-list-item\"><input type=\"checkbox\" name=\"legal\" value=\"1\" aria-invalid=\"false\" \/><\/span><\/span><\/span> I have read and accept the <a href=\"\/en\/privacy-policy\" target=\"_blank\">privacy policy<\/a><\/label>\n<\/p>\n<p><input type=\"hidden\" name=\"your-language\" id=\"your-language\" value=\"es\" \/><br \/>\n<input class=\"wpcf7-form-control wpcf7-submit has-spinner btn btn-accent\" type=\"submit\" value=\"Send\" \/><br \/>\n<input class=\"wpcf7-form-control wpcf7-hidden\" value=\"Presupuesto desde la web (EN)\" type=\"hidden\" name=\"your-hiddensubject\" \/>\n<\/p><div class=\"wpcf7-response-output\" aria-hidden=\"true\"><\/div>\n<\/form>\n<\/div>\n[\/vc_column][\/vc_row]<\/p>\n<\/div>","protected":false},"excerpt":{"rendered":"<p>[vc_row row_height_percent=&#8221;0&#8243; override_padding=&#8221;yes&#8221; h_padding=&#8221;2&#8243; top_padding=&#8221;5&#8243; bottom_padding=&#8221;5&#8243; back_color=&#8221;color-lxmt&#8221; overlay_alpha=&#8221;50&#8243; gutter_size=&#8221;4&#8243; column_width_percent=&#8221;100&#8243; border_style=&#8221;solid&#8221; shift_y=&#8221;0&#8243; z_index=&#8221;0&#8243; content_parallax=&#8221;0&#8243; uncode_shortcode_id=&#8221;270555&#8243; border_color_type=&#8221;uncode-solid&#8221; border_color_solid=&#8221;#e5e3df&#8221; css=&#8221;.vc_custom_1772300231079{border-top-width: 1px !important;}&#8221; [&hellip;]<\/p>\n","protected":false},"author":1,"featured_media":0,"parent":0,"menu_order":0,"comment_status":"closed","ping_status":"closed","template":"","meta":{"footnotes":""},"class_list":["post-173154","page","type-page","status-publish","hentry"],"yoast_head":"<!-- This site is optimized with the Yoast SEO plugin v27.3 - https:\/\/yoast.com\/product\/yoast-seo-wordpress\/ -->\n<title>Request a quote - T&amp;C projects tapizados<\/title>\n<meta name=\"robots\" content=\"index, follow, max-snippet:-1, max-image-preview:large, max-video-preview:-1\" \/>\n<link rel=\"canonical\" href=\"https:\/\/tc-projects.com\/en\/request-a-quote\/\" \/>\n<meta property=\"og:locale\" content=\"en_US\" \/>\n<meta property=\"og:type\" content=\"article\" \/>\n<meta property=\"og:title\" content=\"Request a quote - T&amp;C projects tapizados\" \/>\n<meta property=\"og:description\" content=\"[vc_row row_height_percent=&#8221;0&#8243; override_padding=&#8221;yes&#8221; h_padding=&#8221;2&#8243; top_padding=&#8221;5&#8243; bottom_padding=&#8221;5&#8243; back_color=&#8221;color-lxmt&#8221; overlay_alpha=&#8221;50&#8243; gutter_size=&#8221;4&#8243; column_width_percent=&#8221;100&#8243; border_style=&#8221;solid&#8221; shift_y=&#8221;0&#8243; z_index=&#8221;0&#8243; content_parallax=&#8221;0&#8243; uncode_shortcode_id=&#8221;270555&#8243; border_color_type=&#8221;uncode-solid&#8221; border_color_solid=&#8221;#e5e3df&#8221; css=&#8221;.vc_custom_1772300231079{border-top-width: 1px !important;}&#8221; [&hellip;]\" \/>\n<meta property=\"og:url\" content=\"https:\/\/tc-projects.com\/en\/request-a-quote\/\" \/>\n<meta property=\"og:site_name\" content=\"T&amp;C projects tapizados\" \/>\n<meta property=\"article:publisher\" content=\"https:\/\/www.facebook.com\/pages\/TC-Projects\/1427602410785983?fref=ts\" \/>\n<meta property=\"article:modified_time\" content=\"2026-04-09T11:30:26+00:00\" \/>\n<meta name=\"twitter:card\" content=\"summary_large_image\" \/>\n<meta name=\"twitter:label1\" content=\"Est. reading time\" \/>\n\t<meta name=\"twitter:data1\" content=\"2 minutes\" \/>\n<script type=\"application\/ld+json\" class=\"yoast-schema-graph\">{\"@context\":\"https:\\\/\\\/schema.org\",\"@graph\":[{\"@type\":\"WebPage\",\"@id\":\"https:\\\/\\\/tc-projects.com\\\/en\\\/request-a-quote\\\/\",\"url\":\"https:\\\/\\\/tc-projects.com\\\/en\\\/request-a-quote\\\/\",\"name\":\"Request a quote - T&amp;C projects tapizados\",\"isPartOf\":{\"@id\":\"https:\\\/\\\/tc-projects.com\\\/en\\\/#website\"},\"datePublished\":\"2026-02-28T17:36:51+00:00\",\"dateModified\":\"2026-04-09T11:30:26+00:00\",\"breadcrumb\":{\"@id\":\"https:\\\/\\\/tc-projects.com\\\/en\\\/request-a-quote\\\/#breadcrumb\"},\"inLanguage\":\"en-US\",\"potentialAction\":[{\"@type\":\"ReadAction\",\"target\":[\"https:\\\/\\\/tc-projects.com\\\/en\\\/request-a-quote\\\/\"]}]},{\"@type\":\"BreadcrumbList\",\"@id\":\"https:\\\/\\\/tc-projects.com\\\/en\\\/request-a-quote\\\/#breadcrumb\",\"itemListElement\":[{\"@type\":\"ListItem\",\"position\":1,\"name\":\"Portada\",\"item\":\"https:\\\/\\\/tc-projects.com\\\/en\\\/\"},{\"@type\":\"ListItem\",\"position\":2,\"name\":\"Request a quote\"}]},{\"@type\":\"WebSite\",\"@id\":\"https:\\\/\\\/tc-projects.com\\\/en\\\/#website\",\"url\":\"https:\\\/\\\/tc-projects.com\\\/en\\\/\",\"name\":\"T&C projects tapizados\",\"description\":\"Fabricamos sof\u00e1s de alta calidad, combinando dise\u00f1o, confort y personalizaci\u00f3n. Modelos a medida, materiales premium y acabados duraderos para crear el centro de tu hogar al mejor precio.\",\"publisher\":{\"@id\":\"https:\\\/\\\/tc-projects.com\\\/en\\\/#organization\"},\"potentialAction\":[{\"@type\":\"SearchAction\",\"target\":{\"@type\":\"EntryPoint\",\"urlTemplate\":\"https:\\\/\\\/tc-projects.com\\\/en\\\/?s={search_term_string}\"},\"query-input\":{\"@type\":\"PropertyValueSpecification\",\"valueRequired\":true,\"valueName\":\"search_term_string\"}}],\"inLanguage\":\"en-US\"},{\"@type\":\"Organization\",\"@id\":\"https:\\\/\\\/tc-projects.com\\\/en\\\/#organization\",\"name\":\"T&C projects tapizados\",\"url\":\"https:\\\/\\\/tc-projects.com\\\/en\\\/\",\"logo\":{\"@type\":\"ImageObject\",\"inLanguage\":\"en-US\",\"@id\":\"https:\\\/\\\/tc-projects.com\\\/en\\\/#\\\/schema\\\/logo\\\/image\\\/\",\"url\":\"https:\\\/\\\/tc-projects.com\\\/wp-content\\\/uploads\\\/2026\\\/02\\\/tc-projects-logo2.png\",\"contentUrl\":\"https:\\\/\\\/tc-projects.com\\\/wp-content\\\/uploads\\\/2026\\\/02\\\/tc-projects-logo2.png\",\"width\":516,\"height\":516,\"caption\":\"T&C projects tapizados\"},\"image\":{\"@id\":\"https:\\\/\\\/tc-projects.com\\\/en\\\/#\\\/schema\\\/logo\\\/image\\\/\"},\"sameAs\":[\"https:\\\/\\\/www.facebook.com\\\/pages\\\/TC-Projects\\\/1427602410785983?fref=ts\",\"https:\\\/\\\/www.linkedin.com\\\/company\\\/tyc-projects\\\/\",\"https:\\\/\\\/www.instagram.com\\\/tycprojects\\\/\"]}]}<\/script>\n<!-- \/ Yoast SEO plugin. -->","yoast_head_json":{"title":"Request a quote - T&amp;C projects tapizados","robots":{"index":"index","follow":"follow","max-snippet":"max-snippet:-1","max-image-preview":"max-image-preview:large","max-video-preview":"max-video-preview:-1"},"canonical":"https:\/\/tc-projects.com\/en\/request-a-quote\/","og_locale":"en_US","og_type":"article","og_title":"Request a quote - T&amp;C projects tapizados","og_description":"[vc_row row_height_percent=&#8221;0&#8243; override_padding=&#8221;yes&#8221; h_padding=&#8221;2&#8243; top_padding=&#8221;5&#8243; bottom_padding=&#8221;5&#8243; back_color=&#8221;color-lxmt&#8221; overlay_alpha=&#8221;50&#8243; gutter_size=&#8221;4&#8243; column_width_percent=&#8221;100&#8243; border_style=&#8221;solid&#8221; shift_y=&#8221;0&#8243; z_index=&#8221;0&#8243; content_parallax=&#8221;0&#8243; uncode_shortcode_id=&#8221;270555&#8243; border_color_type=&#8221;uncode-solid&#8221; border_color_solid=&#8221;#e5e3df&#8221; css=&#8221;.vc_custom_1772300231079{border-top-width: 1px !important;}&#8221; [&hellip;]","og_url":"https:\/\/tc-projects.com\/en\/request-a-quote\/","og_site_name":"T&amp;C projects tapizados","article_publisher":"https:\/\/www.facebook.com\/pages\/TC-Projects\/1427602410785983?fref=ts","article_modified_time":"2026-04-09T11:30:26+00:00","twitter_card":"summary_large_image","twitter_misc":{"Est. reading time":"2 minutes"},"schema":{"@context":"https:\/\/schema.org","@graph":[{"@type":"WebPage","@id":"https:\/\/tc-projects.com\/en\/request-a-quote\/","url":"https:\/\/tc-projects.com\/en\/request-a-quote\/","name":"Request a quote - T&amp;C projects tapizados","isPartOf":{"@id":"https:\/\/tc-projects.com\/en\/#website"},"datePublished":"2026-02-28T17:36:51+00:00","dateModified":"2026-04-09T11:30:26+00:00","breadcrumb":{"@id":"https:\/\/tc-projects.com\/en\/request-a-quote\/#breadcrumb"},"inLanguage":"en-US","potentialAction":[{"@type":"ReadAction","target":["https:\/\/tc-projects.com\/en\/request-a-quote\/"]}]},{"@type":"BreadcrumbList","@id":"https:\/\/tc-projects.com\/en\/request-a-quote\/#breadcrumb","itemListElement":[{"@type":"ListItem","position":1,"name":"Portada","item":"https:\/\/tc-projects.com\/en\/"},{"@type":"ListItem","position":2,"name":"Request a quote"}]},{"@type":"WebSite","@id":"https:\/\/tc-projects.com\/en\/#website","url":"https:\/\/tc-projects.com\/en\/","name":"T&C projects tapizados","description":"Fabricamos sof\u00e1s de alta calidad, combinando dise\u00f1o, confort y personalizaci\u00f3n. Modelos a medida, materiales premium y acabados duraderos para crear el centro de tu hogar al mejor precio.","publisher":{"@id":"https:\/\/tc-projects.com\/en\/#organization"},"potentialAction":[{"@type":"SearchAction","target":{"@type":"EntryPoint","urlTemplate":"https:\/\/tc-projects.com\/en\/?s={search_term_string}"},"query-input":{"@type":"PropertyValueSpecification","valueRequired":true,"valueName":"search_term_string"}}],"inLanguage":"en-US"},{"@type":"Organization","@id":"https:\/\/tc-projects.com\/en\/#organization","name":"T&C projects tapizados","url":"https:\/\/tc-projects.com\/en\/","logo":{"@type":"ImageObject","inLanguage":"en-US","@id":"https:\/\/tc-projects.com\/en\/#\/schema\/logo\/image\/","url":"https:\/\/tc-projects.com\/wp-content\/uploads\/2026\/02\/tc-projects-logo2.png","contentUrl":"https:\/\/tc-projects.com\/wp-content\/uploads\/2026\/02\/tc-projects-logo2.png","width":516,"height":516,"caption":"T&C projects tapizados"},"image":{"@id":"https:\/\/tc-projects.com\/en\/#\/schema\/logo\/image\/"},"sameAs":["https:\/\/www.facebook.com\/pages\/TC-Projects\/1427602410785983?fref=ts","https:\/\/www.linkedin.com\/company\/tyc-projects\/","https:\/\/www.instagram.com\/tycprojects\/"]}]}},"_links":{"self":[{"href":"https:\/\/tc-projects.com\/en\/wp-json\/wp\/v2\/pages\/173154","targetHints":{"allow":["GET"]}}],"collection":[{"href":"https:\/\/tc-projects.com\/en\/wp-json\/wp\/v2\/pages"}],"about":[{"href":"https:\/\/tc-projects.com\/en\/wp-json\/wp\/v2\/types\/page"}],"author":[{"embeddable":true,"href":"https:\/\/tc-projects.com\/en\/wp-json\/wp\/v2\/users\/1"}],"replies":[{"embeddable":true,"href":"https:\/\/tc-projects.com\/en\/wp-json\/wp\/v2\/comments?post=173154"}],"version-history":[{"count":2,"href":"https:\/\/tc-projects.com\/en\/wp-json\/wp\/v2\/pages\/173154\/revisions"}],"predecessor-version":[{"id":173156,"href":"https:\/\/tc-projects.com\/en\/wp-json\/wp\/v2\/pages\/173154\/revisions\/173156"}],"wp:attachment":[{"href":"https:\/\/tc-projects.com\/en\/wp-json\/wp\/v2\/media?parent=173154"}],"curies":[{"name":"wp","href":"https:\/\/api.w.org\/{rel}","templated":true}]}}