{"id":173150,"date":"2026-03-04T12:01:22","date_gmt":"2026-03-04T11:01:22","guid":{"rendered":"https:\/\/tc-projects.com\/cookies-policy\/"},"modified":"2026-04-09T13:26:40","modified_gmt":"2026-04-09T11:26:40","slug":"cookies-policy","status":"publish","type":"page","link":"https:\/\/tc-projects.com\/en\/cookies-policy\/","title":{"rendered":"Cookies policy"},"content":{"rendered":"<p>This Cookie Policy is an integral part of the Legal Notice and Privacy Policy of the website <a href=\"http:\/\/tc-projects.com\/en\/\">http:\/\/tc-projects.com\/<\/a> (hereinafter referred to as the \u201cWebsite\u201d). By clicking Accept, you expressly consent to the use of cookies. If you disable cookies, your browsing experience on the Website may not be optimal, and some of its features may not function correctly.<\/p>\n<p>To facilitate browsing the Website, its owner, TC-PROJECTS. Centre de Fisioter\u00e0pia (hereinafter TC-PROJECTS), informs you that it uses cookies or other files of similar functionality (hereinafter, \u201cCookies\u201d). For this reason, and to provide users with all the necessary information for proper navigation of the Website, we provide users with the following information about what cookies are, what types of cookies are used on our Website, and how they can configure or disable them.<\/p>\n<p>If the use of cookies involves the collection of personal data, please be advised that TC-PROJECTS is the cookie service provider and the data controller responsible for processing the personal data obtained through its own and third-party cookies. Since TC-PROJECTS decides the purpose, content, and use of the information collected, it acts as the data controller for any personal data that may be collected through the use of cookies.<\/p>\n<p><strong>WHAT IS A COOKIE<\/strong><\/p>\n<p>Cookies are files containing small amounts of information that are downloaded to a user&#8217;s device when they visit a website. Their main purpose is to recognize the user each time they visit the website and to improve the website&#8217;s quality and usability.<\/p>\n<p>Cookies are essential for the functioning of the internet; they cannot harm the user&#8217;s computer\/device and, when enabled in the browser settings, can help identify and resolve potential website malfunctions.<\/p>\n<p>This website uses cookies and\/or similar technologies that collect and store information while you browse. Generally, these technologies can be used for very different purposes, such as recognizing you as a user, obtaining information about your browsing habits, or personalizing the way content is displayed. The specific uses we make of these technologies are described below.<\/p>\n<p><strong>USE OF COOKIES<\/strong><\/p>\n<p>By clicking the Accept button, you expressly consent to the use of these types of cookies on your devices. If you disable cookies, your browsing experience on the website may not be optimal, and some of its features may not function correctly.<\/p>\n<p>Specifically, we use cookies for the purposes explained below. You will be informed if other cookies are used in the future to further improve our services.<\/p>\n<p><strong>WHAT TYPES OF COOKIES ARE USED ON THIS WEBSITE AND FOR WHAT PURPOSES?<\/strong><\/p>\n<p data-path-to-node=\"4\">We use our own and third-party cookies for the purposes detailed below:<\/p>\n<h4 data-path-to-node=\"5\">1. TECHNICAL AND FUNCTIONAL COOKIES (Necessary)<\/h4>\n<p data-path-to-node=\"6\">These are cookies that allow the user to navigate through the website and use the different options or services available. Since the <b data-path-to-node=\"6\" data-index-in-node=\"169\">Uncode<\/b> theme is an advanced design, it uses cookies to calculate image sizes and layout according to your screen.<\/p>\n<table data-path-to-node=\"7\">\n<thead>\n<tr>\n<td><strong>Cookie<\/strong><\/td>\n<td><strong>Origin<\/strong><\/td>\n<td><strong>Duration<\/strong><\/td>\n<td><strong>Description<\/strong><\/td>\n<\/tr>\n<\/thead>\n<tbody>\n<tr>\n<td><span data-path-to-node=\"7,1,0,0\"><b data-path-to-node=\"7,1,0,0\" data-index-in-node=\"0\">uncodeAI.screen<\/b><\/span><\/td>\n<td><span data-path-to-node=\"7,1,1,0\">Own<\/span><\/td>\n<td><span data-path-to-node=\"7,1,2,0\">Session<\/span><\/td>\n<td><span data-path-to-node=\"7,1,3,0\">Detects the screen resolution to serve images in the optimal size (Adaptive Images).<\/span><\/td>\n<\/tr>\n<tr>\n<td><span data-path-to-node=\"7,2,0,0\"><b data-path-to-node=\"7,2,0,0\" data-index-in-node=\"0\">uncodeAI.images<\/b><\/span><\/td>\n<td><span data-path-to-node=\"7,2,1,0\">Own<\/span><\/td>\n<td><span data-path-to-node=\"7,2,2,0\">Session<\/span><\/td>\n<td><span data-path-to-node=\"7,2,3,0\">Records which images have been processed to improve site loading performance.<\/span><\/td>\n<\/tr>\n<tr>\n<td><span data-path-to-node=\"7,3,0,0\"><b data-path-to-node=\"7,3,0,0\" data-index-in-node=\"0\">uncodeAI.css<\/b><\/span><\/td>\n<td><span data-path-to-node=\"7,3,1,0\">Own<\/span><\/td>\n<td><span data-path-to-node=\"7,3,2,0\">Session<\/span><\/td>\n<td><span data-path-to-node=\"7,3,3,0\">Checks CSS style support to ensure the layout looks correctly.<\/span><\/td>\n<\/tr>\n<tr>\n<td><span data-path-to-node=\"7,4,0,0\"><b data-path-to-node=\"7,4,0,0\" data-index-in-node=\"0\">PHPSESSID<\/b><\/span><\/td>\n<td><span data-path-to-node=\"7,4,1,0\">Own<\/span><\/td>\n<td><span data-path-to-node=\"7,4,2,0\">Session<\/span><\/td>\n<td><span data-path-to-node=\"7,4,3,0\">Standard WordPress cookie to identify the user session.<\/span><\/td>\n<\/tr>\n<\/tbody>\n<\/table>\n<h4 data-path-to-node=\"8\">2. PERSONALIZATION AND PREFERENCE COOKIES<\/h4>\n<p data-path-to-node=\"9\">These cookies allow the website to remember choices you have made (such as language or acceptance of the privacy policy) so you don&#8217;t have to reconfigure them each time you visit.<\/p>\n<table data-path-to-node=\"10\">\n<thead>\n<tr>\n<td><strong>Cookie<\/strong><\/td>\n<td><strong>Origin<\/strong><\/td>\n<td><strong>Duration<\/strong><\/td>\n<td><strong>Description<\/strong><\/td>\n<\/tr>\n<\/thead>\n<tbody>\n<tr>\n<td><span data-path-to-node=\"10,1,0,0\"><b data-path-to-node=\"10,1,0,0\" data-index-in-node=\"0\">wp-wpml_current_language<\/b><\/span><\/td>\n<td><span data-path-to-node=\"10,1,1,0\">Own (WPML)<\/span><\/td>\n<td><span data-path-to-node=\"10,1,2,0\">1 day<\/span><\/td>\n<td><span data-path-to-node=\"10,1,3,0\">Stores the language selected by the user to browse the web.<\/span><\/td>\n<\/tr>\n<tr>\n<td><span data-path-to-node=\"10,2,0,0\"><b data-path-to-node=\"10,2,0,0\" data-index-in-node=\"0\">uncode_privacy[consent_types]<\/b><\/span><\/td>\n<td><span data-path-to-node=\"10,2,1,0\">First-party (Uncode)<\/span><\/td>\n<td><span data-path-to-node=\"10,2,2,0\">1 year<\/span><\/td>\n<td><span data-path-to-node=\"10,2,3,0\">Saves the user&#8217;s preferences regarding which cookie categories they have accepted or rejected.<\/span><\/td>\n<\/tr>\n<\/tbody>\n<\/table>\n<h4 data-path-to-node=\"11\">3. ANALYTICAL COOKIES (Third-party)<\/h4>\n<p data-path-to-node=\"12\">These cookies allow tracking and analysis of user behavior. They are used to measure website activity in order to make improvements based on the analysis of usage data.<\/p>\n<table data-path-to-node=\"13\">\n<thead>\n<tr>\n<td><strong>Cookie<\/strong><\/td>\n<td><strong>Provider<\/strong><\/td>\n<td><strong>Duration<\/strong><\/td>\n<td><strong>Description<\/strong><\/td>\n<\/tr>\n<\/thead>\n<tbody>\n<tr>\n<td><span data-path-to-node=\"13,1,0,0\"><b data-path-to-node=\"13,1,0,0\" data-index-in-node=\"0\">_ga<\/b><\/span><\/td>\n<td><span data-path-to-node=\"13,1,1,0\">Google Analytics<\/span><\/td>\n<td><span data-path-to-node=\"13,1,2,0\">2 years<\/span><\/td>\n<td><span data-path-to-node=\"13,1,3,0\">Identifies users anonymously to compile visit statistics.<\/span><\/td>\n<\/tr>\n<tr>\n<td><span data-path-to-node=\"13,2,0,0\"><b data-path-to-node=\"13,2,0,0\" data-index-in-node=\"0\">_gid<\/b><\/span><\/td>\n<td><span data-path-to-node=\"13,2,1,0\">Google Analytics<\/span><\/td>\n<td><span data-path-to-node=\"13,2,2,0\">24 hours<\/span><\/td>\n<td><span data-path-to-node=\"13,2,3,0\">Used to group user behavior in the same session.<\/span><\/td>\n<\/tr>\n<tr>\n<td><span data-path-to-node=\"13,3,0,0\"><b data-path-to-node=\"13,3,0,0\" data-index-in-node=\"0\"><i data-path-to-node=\"13,3,0,0\" data-index-in-node=\"0\">gat_gtag<\/i>&#8230;<\/b><\/span><\/td>\n<td><span data-path-to-node=\"13,3,1,0\">Google Analytics<\/span><\/td>\n<td><span data-path-to-node=\"13,3,2,0\">1 minute<\/span><\/td>\n<td><span data-path-to-node=\"13,3,3,0\">Request percentage limit to avoid overloading the service server.<\/span><\/td>\n<\/tr>\n<\/tbody>\n<\/table>\n<p>TC-PROJECTS uses Google Analytics, a service provided by Google, Inc., headquartered at 1600 Amphitheatre Parkway, Mountain View, CA 94043, USA (\u201cGoogle\u201d).<\/p>\n<p>Google Analytics uses cookies to analyze how users use the website. The information stored by the cookie (including your IP address) is transmitted to and stored by Google on servers in the United States. Google will use this information on behalf of TC-PROJECTS to track your use of the website, compiling website activity reports and providing other services relating to website activity and internet usage. Google may disclose this information to third parties where required to do so by law, or where such third parties process the information on Google&#8217;s behalf. Google will not associate your IP address with any other data held by Google.<\/p>\n<p>For more information, please visit the following URL: <a href=\"http:\/\/www.google.com\/intl\/es\/analytics\/\">http:\/\/www.google.com\/intl\/es\/analytics\/<\/a><\/p>\n<p>By accepting the use of cookies, you are consenting to the processing of your information by Google, in the manner and for the purposes mentioned above.<\/p>\n<p><strong>ACCEPTANCE, REJECTION, REVOCATION OF CONSENT, OR DELETION OF COOKIES<\/strong><\/p>\n<p><strong>Giving consent<\/strong><\/p>\n<p>Please note that by clicking the &#8220;Accept&#8221; button on the Cookie Banner, you consent to the use of the aforementioned cookies on your device.<\/p>\n<p><strong>Revoking consent<\/strong><\/p>\n<p>For each of the cookies listed above, we provide you with the option to disable them via a link to the disable function provided by each cookie provider.<\/p>\n<p>Likewise, by clicking the \u201cReject\u201d button on the Cookie Banner, you can directly reject the use of these cookies on your device.<\/p>\n<p><strong>User settings to block cookies<\/strong><\/p>\n<p>You can enable or disable cookies, as well as clear your browsing history (including cookies) in your browser. Please consult the options and instructions provided by your browser. Note that if you accept third-party cookies, you must delete them from your browser&#8217;s settings menu.<\/p>\n<p>The following information is provided in compliance with current regulations so that you can configure the privacy and security of your internet browser(s) with respect to cookies. To this end, we provide information and links to the official support websites of the main browsers so that you can choose whether or not to accept the use of cookies.<\/p>\n<p>You can block cookies through your browser settings, or you can configure your browser to notify you when a server wants to save a cookie:<\/p>\n<ul>\n<li style=\"list-style-type: none;\">\nIf you are using Microsoft Internet Explorer, you can find this option in: Tools menu &gt; Internet Options &gt; Privacy &gt; Settings &gt; Advanced. For more information: <a href=\"http:\/\/windows.microsoft.com\/es-es\/windows-vista\/block-or-allow-Cookies\">http:\/\/windows.microsoft.com\/es-es\/windows-vista\/block-or-allow-Cookies<\/a> and <a href=\"http:\/\/windows.microsoft.com\/es-es\/windows7\/how-to-manage-Cookies-in-internet-explorer-9\">http:\/\/windows.microsoft.com\/es-es\/windows7\/how-to-manage-Cookies-in-internet-explorer-9<\/a>.<\/li>\n<li>If you use Firefox, you can find the option in: Tools menu &gt; Preferences &gt; Privacy &gt; Cookies. For more information: <a href=\"http:\/\/support.mozilla.org\/es\/kb\/habilitar-y-deshabilitar-Cookies-que-los-sitios-we\">http:\/\/support.mozilla.org\/es\/kb\/habilitar-y-deshabilitar-Cookies-que-los-sitios-we<\/a>.<\/li>\n<\/ul>\n<p>If you use Chrome, go to Tools menu &gt; Advanced settings &gt; Privacy. For more information: <a href=\"http:\/\/support.google.com\/accounts\/answer\/61416?hl=es\">http:\/\/support.google.com\/accounts\/answer\/61416?hl=es<\/a><\/p>\n<p>If you use Opera, go to the Security and Privacy menu. For more information: <a href=\"http:\/\/help.opera.com\/Windows\/11.50\/es-ES\/cookies.html\">http:\/\/help.opera.com\/Windows\/11.50\/es-ES\/cookies.html<\/a><\/p>\n<p>If you use Safari, you will find the option in the Preferences\/Privacy menu. For more information: <a href=\"http:\/\/support.apple.com\/kb\/HT1677?viewlocale=es_ES\">http:\/\/support.apple.com\/kb\/HT1677?viewlocale=es_ES<\/a><\/p>\n<p><strong>DATA TRANSFERS TO THIRD COUNTRIES<\/strong><\/p>\n<p>TC-PROJECTS has contracted the services of providers located outside the European Economic Area (\u201cThird Countries\u201d). These providers have signed the confidentiality and data processing agreements required by the regulations for providers located in Third Countries, applying the necessary guarantees and safeguards to protect your privacy. These guarantees and safeguards consist of adequacy decisions by the European Commission and\/or standard contractual clauses approved by the European Commission.<\/p>\n<p>You may be informed of any such transfers to third parties carried out by the third parties identified in this document in their respective cookie policies (see the links in the \u201cThird-Party Cookies\u201d section of their Cookie Policy).<\/p>\n<p><strong>PROFILING INVOLVING AUTOMATED DECISION-MAKING WITH LEGAL IMPLICATIONS FOR THE USER OR THAT SIGNIFICANTLY AFFECTS THEM<\/strong><\/p>\n<p>The aforementioned cookies are not used to create profiles that involve automated decision-making with legal implications or that significantly affect users.<\/p>\n<p><strong>DATA RETENTION PERIOD<\/strong><\/p>\n<p>Personal data obtained through the use of cookies will be stored for the period indicated in section 3 of this Cookie Policy and, once that period has elapsed, for the applicable statutory limitation period depending on the purposes.<\/p>\n<p><strong>YOUR RIGHTS<\/strong><\/p>\n<p>To withdraw your consent regarding the use of cookies and\/or exercise your rights of access, rectification, erasure, and portability, as well as your rights to restriction of processing and\/or objection to the processing of your data, you can contact us at TC-PROJECTS, located at Blasco de Garay, 116 local &#8211; 08224 Terrassa, and\/or contact our Data Protection Officer at the email address <a href=\"mailto:info@tc-projects.com\">info@tc-projects.com<\/a>.<\/p>\n<p>If you believe that the processing of your personal data infringes the regulations or your rights, you can file a complaint with our Data Protection Officer at the addresses indicated above, or with the Spanish Data Protection Agency.<\/p>\n<p>Please refer to the <a href=\"http:\/\/tc-projects.com\/politica-de-privacidad\/\">Privacy Policy<\/a> for information about your rights and how you can exercise them.<\/p>\n","protected":false},"excerpt":{"rendered":"<p>This Cookie Policy is an integral part of the Legal Notice and Privacy Policy of the website http:\/\/tc-projects.com\/ (hereinafter referred [&hellip;]<\/p>\n","protected":false},"author":1,"featured_media":0,"parent":0,"menu_order":0,"comment_status":"closed","ping_status":"closed","template":"","meta":{"footnotes":""},"class_list":["post-173150","page","type-page","status-publish","hentry"],"yoast_head":"<!-- This site is optimized with the Yoast SEO plugin v27.3 - https:\/\/yoast.com\/product\/yoast-seo-wordpress\/ -->\n<title>Cookies policy - T&amp;C projects tapizados<\/title>\n<meta name=\"robots\" content=\"noindex, nofollow\" \/>\n<meta property=\"og:locale\" content=\"en_US\" \/>\n<meta property=\"og:type\" content=\"article\" \/>\n<meta property=\"og:title\" content=\"Cookies policy - T&amp;C projects tapizados\" \/>\n<meta property=\"og:description\" content=\"This Cookie Policy is an integral part of the Legal Notice and Privacy Policy of the website http:\/\/tc-projects.com\/ (hereinafter referred [&hellip;]\" \/>\n<meta property=\"og:url\" content=\"https:\/\/tc-projects.com\/en\/cookies-policy\/\" \/>\n<meta property=\"og:site_name\" content=\"T&amp;C projects tapizados\" \/>\n<meta property=\"article:publisher\" content=\"https:\/\/www.facebook.com\/pages\/TC-Projects\/1427602410785983?fref=ts\" \/>\n<meta property=\"article:modified_time\" content=\"2026-04-09T11:26:40+00:00\" \/>\n<meta name=\"twitter:card\" content=\"summary_large_image\" \/>\n<meta name=\"twitter:label1\" content=\"Est. reading time\" \/>\n\t<meta name=\"twitter:data1\" content=\"8 minutes\" \/>\n<script type=\"application\/ld+json\" class=\"yoast-schema-graph\">{\"@context\":\"https:\\\/\\\/schema.org\",\"@graph\":[{\"@type\":\"WebPage\",\"@id\":\"https:\\\/\\\/tc-projects.com\\\/en\\\/cookies-policy\\\/\",\"url\":\"https:\\\/\\\/tc-projects.com\\\/en\\\/cookies-policy\\\/\",\"name\":\"Cookies policy - T&amp;C projects tapizados\",\"isPartOf\":{\"@id\":\"https:\\\/\\\/tc-projects.com\\\/en\\\/#website\"},\"datePublished\":\"2026-03-04T11:01:22+00:00\",\"dateModified\":\"2026-04-09T11:26:40+00:00\",\"breadcrumb\":{\"@id\":\"https:\\\/\\\/tc-projects.com\\\/en\\\/cookies-policy\\\/#breadcrumb\"},\"inLanguage\":\"en-US\",\"potentialAction\":[{\"@type\":\"ReadAction\",\"target\":[\"https:\\\/\\\/tc-projects.com\\\/en\\\/cookies-policy\\\/\"]}]},{\"@type\":\"BreadcrumbList\",\"@id\":\"https:\\\/\\\/tc-projects.com\\\/en\\\/cookies-policy\\\/#breadcrumb\",\"itemListElement\":[{\"@type\":\"ListItem\",\"position\":1,\"name\":\"Portada\",\"item\":\"https:\\\/\\\/tc-projects.com\\\/en\\\/\"},{\"@type\":\"ListItem\",\"position\":2,\"name\":\"Cookies policy\"}]},{\"@type\":\"WebSite\",\"@id\":\"https:\\\/\\\/tc-projects.com\\\/en\\\/#website\",\"url\":\"https:\\\/\\\/tc-projects.com\\\/en\\\/\",\"name\":\"T&C projects tapizados\",\"description\":\"Fabricamos sof\u00e1s de alta calidad, combinando dise\u00f1o, confort y personalizaci\u00f3n. Modelos a medida, materiales premium y acabados duraderos para crear el centro de tu hogar al mejor precio.\",\"publisher\":{\"@id\":\"https:\\\/\\\/tc-projects.com\\\/en\\\/#organization\"},\"potentialAction\":[{\"@type\":\"SearchAction\",\"target\":{\"@type\":\"EntryPoint\",\"urlTemplate\":\"https:\\\/\\\/tc-projects.com\\\/en\\\/?s={search_term_string}\"},\"query-input\":{\"@type\":\"PropertyValueSpecification\",\"valueRequired\":true,\"valueName\":\"search_term_string\"}}],\"inLanguage\":\"en-US\"},{\"@type\":\"Organization\",\"@id\":\"https:\\\/\\\/tc-projects.com\\\/en\\\/#organization\",\"name\":\"T&C projects tapizados\",\"url\":\"https:\\\/\\\/tc-projects.com\\\/en\\\/\",\"logo\":{\"@type\":\"ImageObject\",\"inLanguage\":\"en-US\",\"@id\":\"https:\\\/\\\/tc-projects.com\\\/en\\\/#\\\/schema\\\/logo\\\/image\\\/\",\"url\":\"https:\\\/\\\/tc-projects.com\\\/wp-content\\\/uploads\\\/2026\\\/02\\\/tc-projects-logo2.png\",\"contentUrl\":\"https:\\\/\\\/tc-projects.com\\\/wp-content\\\/uploads\\\/2026\\\/02\\\/tc-projects-logo2.png\",\"width\":516,\"height\":516,\"caption\":\"T&C projects tapizados\"},\"image\":{\"@id\":\"https:\\\/\\\/tc-projects.com\\\/en\\\/#\\\/schema\\\/logo\\\/image\\\/\"},\"sameAs\":[\"https:\\\/\\\/www.facebook.com\\\/pages\\\/TC-Projects\\\/1427602410785983?fref=ts\",\"https:\\\/\\\/www.linkedin.com\\\/company\\\/tyc-projects\\\/\",\"https:\\\/\\\/www.instagram.com\\\/tycprojects\\\/\"]}]}<\/script>\n<!-- \/ Yoast SEO plugin. -->","yoast_head_json":{"title":"Cookies policy - T&amp;C projects tapizados","robots":{"index":"noindex","follow":"nofollow"},"og_locale":"en_US","og_type":"article","og_title":"Cookies policy - T&amp;C projects tapizados","og_description":"This Cookie Policy is an integral part of the Legal Notice and Privacy Policy of the website http:\/\/tc-projects.com\/ (hereinafter referred [&hellip;]","og_url":"https:\/\/tc-projects.com\/en\/cookies-policy\/","og_site_name":"T&amp;C projects tapizados","article_publisher":"https:\/\/www.facebook.com\/pages\/TC-Projects\/1427602410785983?fref=ts","article_modified_time":"2026-04-09T11:26:40+00:00","twitter_card":"summary_large_image","twitter_misc":{"Est. reading time":"8 minutes"},"schema":{"@context":"https:\/\/schema.org","@graph":[{"@type":"WebPage","@id":"https:\/\/tc-projects.com\/en\/cookies-policy\/","url":"https:\/\/tc-projects.com\/en\/cookies-policy\/","name":"Cookies policy - T&amp;C projects tapizados","isPartOf":{"@id":"https:\/\/tc-projects.com\/en\/#website"},"datePublished":"2026-03-04T11:01:22+00:00","dateModified":"2026-04-09T11:26:40+00:00","breadcrumb":{"@id":"https:\/\/tc-projects.com\/en\/cookies-policy\/#breadcrumb"},"inLanguage":"en-US","potentialAction":[{"@type":"ReadAction","target":["https:\/\/tc-projects.com\/en\/cookies-policy\/"]}]},{"@type":"BreadcrumbList","@id":"https:\/\/tc-projects.com\/en\/cookies-policy\/#breadcrumb","itemListElement":[{"@type":"ListItem","position":1,"name":"Portada","item":"https:\/\/tc-projects.com\/en\/"},{"@type":"ListItem","position":2,"name":"Cookies policy"}]},{"@type":"WebSite","@id":"https:\/\/tc-projects.com\/en\/#website","url":"https:\/\/tc-projects.com\/en\/","name":"T&C projects tapizados","description":"Fabricamos sof\u00e1s de alta calidad, combinando dise\u00f1o, confort y personalizaci\u00f3n. Modelos a medida, materiales premium y acabados duraderos para crear el centro de tu hogar al mejor precio.","publisher":{"@id":"https:\/\/tc-projects.com\/en\/#organization"},"potentialAction":[{"@type":"SearchAction","target":{"@type":"EntryPoint","urlTemplate":"https:\/\/tc-projects.com\/en\/?s={search_term_string}"},"query-input":{"@type":"PropertyValueSpecification","valueRequired":true,"valueName":"search_term_string"}}],"inLanguage":"en-US"},{"@type":"Organization","@id":"https:\/\/tc-projects.com\/en\/#organization","name":"T&C projects tapizados","url":"https:\/\/tc-projects.com\/en\/","logo":{"@type":"ImageObject","inLanguage":"en-US","@id":"https:\/\/tc-projects.com\/en\/#\/schema\/logo\/image\/","url":"https:\/\/tc-projects.com\/wp-content\/uploads\/2026\/02\/tc-projects-logo2.png","contentUrl":"https:\/\/tc-projects.com\/wp-content\/uploads\/2026\/02\/tc-projects-logo2.png","width":516,"height":516,"caption":"T&C projects tapizados"},"image":{"@id":"https:\/\/tc-projects.com\/en\/#\/schema\/logo\/image\/"},"sameAs":["https:\/\/www.facebook.com\/pages\/TC-Projects\/1427602410785983?fref=ts","https:\/\/www.linkedin.com\/company\/tyc-projects\/","https:\/\/www.instagram.com\/tycprojects\/"]}]}},"_links":{"self":[{"href":"https:\/\/tc-projects.com\/en\/wp-json\/wp\/v2\/pages\/173150","targetHints":{"allow":["GET"]}}],"collection":[{"href":"https:\/\/tc-projects.com\/en\/wp-json\/wp\/v2\/pages"}],"about":[{"href":"https:\/\/tc-projects.com\/en\/wp-json\/wp\/v2\/types\/page"}],"author":[{"embeddable":true,"href":"https:\/\/tc-projects.com\/en\/wp-json\/wp\/v2\/users\/1"}],"replies":[{"embeddable":true,"href":"https:\/\/tc-projects.com\/en\/wp-json\/wp\/v2\/comments?post=173150"}],"version-history":[{"count":1,"href":"https:\/\/tc-projects.com\/en\/wp-json\/wp\/v2\/pages\/173150\/revisions"}],"predecessor-version":[{"id":173152,"href":"https:\/\/tc-projects.com\/en\/wp-json\/wp\/v2\/pages\/173150\/revisions\/173152"}],"wp:attachment":[{"href":"https:\/\/tc-projects.com\/en\/wp-json\/wp\/v2\/media?parent=173150"}],"curies":[{"name":"wp","href":"https:\/\/api.w.org\/{rel}","templated":true}]}}