{"id":173149,"date":"2026-03-04T12:10:03","date_gmt":"2026-03-04T11:10:03","guid":{"rendered":"https:\/\/tc-projects.com\/legal-notice\/"},"modified":"2026-03-04T12:10:03","modified_gmt":"2026-03-04T11:10:03","slug":"legal-notice","status":"publish","type":"page","link":"https:\/\/tc-projects.com\/en\/legal-notice\/","title":{"rendered":"Legal notice"},"content":{"rendered":"<p>In compliance with the provisions of Law 34\/2002 of July 11, on Information Society Services and Electronic Commerce (LSSI), the following general information about this website is provided:<\/p>\n<p><strong>Owner<\/strong>: TAPIZADOS CONTRACT, SL<br \/>\n<strong>Tax ID\/VAT Number<\/strong>: B66002213<br \/>\n<strong>Address<\/strong>: C\/PUIGSACALM 23 4-1 08227 Terrassa (Barcelona &#8211; Spain)<br \/>\n<strong>Contact Email<\/strong>: <a href=\"mailto:info@tc-projects.com\">info@tc-projects.com<\/a><br \/>\n<strong>Activity:<\/strong> Manufacturing of upholstered furniture for home and contract use.<\/p>\n<p><strong>Business Activity:<\/strong><\/p>\n<h3><strong>Purpose of the Website<\/strong><\/h3>\n<p>The purpose of this website is to provide information about the company&#8217;s products and services, as well as to facilitate contact with interested clients and users.<\/p>\n<h3><strong>Terms of Use<\/strong><\/h3>\n<p>Access to and use of this website confers the status of user and implies full and unreserved acceptance of these terms.<\/p>\n<p>The user agrees to make appropriate use of the website&#8217;s content and services, in accordance with current legislation, good faith, and public order.<\/p>\n<p>The user will be liable to the owner or to third parties for any damages that may be caused as a result of breaching this obligation.<\/p>\n<p>The owner is not responsible for the misuse of the website&#8217;s content or the information contained in external links accessible from this page.<\/p>\n<h3><strong>Intellectual and Industrial Property<\/strong><\/h3>\n<p>All website content (texts, images, logos, graphics, designs, structure, and source code) is owned by TAPIZADOS CONTRACT, S.L. or is used under license or authorization.<\/p>\n<p>Its reproduction, distribution, public communication, or transformation, in whole or in part, is expressly prohibited without the express written authorization of the owner.<\/p>\n<h3><strong>Liability<\/strong><\/h3>\n<p>The owner does not guarantee uninterrupted or error-free access to the website or its content, although it will make every effort to prevent, correct, or update any issues as necessary.<\/p>\n<h3><strong>Use of Cookies<\/strong><\/h3>\n<p>This website uses only technical cookies necessary for its proper functioning.<\/p>\n<p>No analytics, advertising, or third-party tracking cookies are used, and therefore no personal data is collected through cookies for statistical or commercial purposes.<\/p>\n","protected":false},"excerpt":{"rendered":"<p>In compliance with the provisions of Law 34\/2002 of July 11, on Information Society Services and Electronic Commerce (LSSI), the [&hellip;]<\/p>\n","protected":false},"author":1,"featured_media":0,"parent":0,"menu_order":0,"comment_status":"closed","ping_status":"closed","template":"","meta":{"footnotes":""},"class_list":["post-173149","page","type-page","status-publish","hentry"],"yoast_head":"<!-- This site is optimized with the Yoast SEO plugin v27.3 - https:\/\/yoast.com\/product\/yoast-seo-wordpress\/ -->\n<title>Legal notice - T&amp;C projects tapizados<\/title>\n<meta name=\"robots\" content=\"noindex, nofollow\" \/>\n<meta property=\"og:locale\" content=\"en_US\" \/>\n<meta property=\"og:type\" content=\"article\" \/>\n<meta property=\"og:title\" content=\"Legal notice - T&amp;C projects tapizados\" \/>\n<meta property=\"og:description\" content=\"In compliance with the provisions of Law 34\/2002 of July 11, on Information Society Services and Electronic Commerce (LSSI), the [&hellip;]\" \/>\n<meta property=\"og:url\" content=\"https:\/\/tc-projects.com\/en\/legal-notice\/\" \/>\n<meta property=\"og:site_name\" content=\"T&amp;C projects tapizados\" \/>\n<meta property=\"article:publisher\" content=\"https:\/\/www.facebook.com\/pages\/TC-Projects\/1427602410785983?fref=ts\" \/>\n<meta name=\"twitter:card\" content=\"summary_large_image\" \/>\n<meta name=\"twitter:label1\" content=\"Est. reading time\" \/>\n\t<meta name=\"twitter:data1\" content=\"2 minutes\" \/>\n<script type=\"application\/ld+json\" class=\"yoast-schema-graph\">{\"@context\":\"https:\\\/\\\/schema.org\",\"@graph\":[{\"@type\":\"WebPage\",\"@id\":\"https:\\\/\\\/tc-projects.com\\\/en\\\/legal-notice\\\/\",\"url\":\"https:\\\/\\\/tc-projects.com\\\/en\\\/legal-notice\\\/\",\"name\":\"Legal notice - T&amp;C projects tapizados\",\"isPartOf\":{\"@id\":\"https:\\\/\\\/tc-projects.com\\\/en\\\/#website\"},\"datePublished\":\"2026-03-04T11:10:03+00:00\",\"breadcrumb\":{\"@id\":\"https:\\\/\\\/tc-projects.com\\\/en\\\/legal-notice\\\/#breadcrumb\"},\"inLanguage\":\"en-US\",\"potentialAction\":[{\"@type\":\"ReadAction\",\"target\":[\"https:\\\/\\\/tc-projects.com\\\/en\\\/legal-notice\\\/\"]}]},{\"@type\":\"BreadcrumbList\",\"@id\":\"https:\\\/\\\/tc-projects.com\\\/en\\\/legal-notice\\\/#breadcrumb\",\"itemListElement\":[{\"@type\":\"ListItem\",\"position\":1,\"name\":\"Portada\",\"item\":\"https:\\\/\\\/tc-projects.com\\\/en\\\/\"},{\"@type\":\"ListItem\",\"position\":2,\"name\":\"Legal notice\"}]},{\"@type\":\"WebSite\",\"@id\":\"https:\\\/\\\/tc-projects.com\\\/en\\\/#website\",\"url\":\"https:\\\/\\\/tc-projects.com\\\/en\\\/\",\"name\":\"T&C projects tapizados\",\"description\":\"Fabricamos sof\u00e1s de alta calidad, combinando dise\u00f1o, confort y personalizaci\u00f3n. Modelos a medida, materiales premium y acabados duraderos para crear el centro de tu hogar al mejor precio.\",\"publisher\":{\"@id\":\"https:\\\/\\\/tc-projects.com\\\/en\\\/#organization\"},\"potentialAction\":[{\"@type\":\"SearchAction\",\"target\":{\"@type\":\"EntryPoint\",\"urlTemplate\":\"https:\\\/\\\/tc-projects.com\\\/en\\\/?s={search_term_string}\"},\"query-input\":{\"@type\":\"PropertyValueSpecification\",\"valueRequired\":true,\"valueName\":\"search_term_string\"}}],\"inLanguage\":\"en-US\"},{\"@type\":\"Organization\",\"@id\":\"https:\\\/\\\/tc-projects.com\\\/en\\\/#organization\",\"name\":\"T&C projects tapizados\",\"url\":\"https:\\\/\\\/tc-projects.com\\\/en\\\/\",\"logo\":{\"@type\":\"ImageObject\",\"inLanguage\":\"en-US\",\"@id\":\"https:\\\/\\\/tc-projects.com\\\/en\\\/#\\\/schema\\\/logo\\\/image\\\/\",\"url\":\"https:\\\/\\\/tc-projects.com\\\/wp-content\\\/uploads\\\/2026\\\/02\\\/tc-projects-logo2.png\",\"contentUrl\":\"https:\\\/\\\/tc-projects.com\\\/wp-content\\\/uploads\\\/2026\\\/02\\\/tc-projects-logo2.png\",\"width\":516,\"height\":516,\"caption\":\"T&C projects tapizados\"},\"image\":{\"@id\":\"https:\\\/\\\/tc-projects.com\\\/en\\\/#\\\/schema\\\/logo\\\/image\\\/\"},\"sameAs\":[\"https:\\\/\\\/www.facebook.com\\\/pages\\\/TC-Projects\\\/1427602410785983?fref=ts\",\"https:\\\/\\\/www.linkedin.com\\\/company\\\/tyc-projects\\\/\",\"https:\\\/\\\/www.instagram.com\\\/tycprojects\\\/\"]}]}<\/script>\n<!-- \/ Yoast SEO plugin. -->","yoast_head_json":{"title":"Legal notice - T&amp;C projects tapizados","robots":{"index":"noindex","follow":"nofollow"},"og_locale":"en_US","og_type":"article","og_title":"Legal notice - T&amp;C projects tapizados","og_description":"In compliance with the provisions of Law 34\/2002 of July 11, on Information Society Services and Electronic Commerce (LSSI), the [&hellip;]","og_url":"https:\/\/tc-projects.com\/en\/legal-notice\/","og_site_name":"T&amp;C projects tapizados","article_publisher":"https:\/\/www.facebook.com\/pages\/TC-Projects\/1427602410785983?fref=ts","twitter_card":"summary_large_image","twitter_misc":{"Est. reading time":"2 minutes"},"schema":{"@context":"https:\/\/schema.org","@graph":[{"@type":"WebPage","@id":"https:\/\/tc-projects.com\/en\/legal-notice\/","url":"https:\/\/tc-projects.com\/en\/legal-notice\/","name":"Legal notice - T&amp;C projects tapizados","isPartOf":{"@id":"https:\/\/tc-projects.com\/en\/#website"},"datePublished":"2026-03-04T11:10:03+00:00","breadcrumb":{"@id":"https:\/\/tc-projects.com\/en\/legal-notice\/#breadcrumb"},"inLanguage":"en-US","potentialAction":[{"@type":"ReadAction","target":["https:\/\/tc-projects.com\/en\/legal-notice\/"]}]},{"@type":"BreadcrumbList","@id":"https:\/\/tc-projects.com\/en\/legal-notice\/#breadcrumb","itemListElement":[{"@type":"ListItem","position":1,"name":"Portada","item":"https:\/\/tc-projects.com\/en\/"},{"@type":"ListItem","position":2,"name":"Legal notice"}]},{"@type":"WebSite","@id":"https:\/\/tc-projects.com\/en\/#website","url":"https:\/\/tc-projects.com\/en\/","name":"T&C projects tapizados","description":"Fabricamos sof\u00e1s de alta calidad, combinando dise\u00f1o, confort y personalizaci\u00f3n. Modelos a medida, materiales premium y acabados duraderos para crear el centro de tu hogar al mejor precio.","publisher":{"@id":"https:\/\/tc-projects.com\/en\/#organization"},"potentialAction":[{"@type":"SearchAction","target":{"@type":"EntryPoint","urlTemplate":"https:\/\/tc-projects.com\/en\/?s={search_term_string}"},"query-input":{"@type":"PropertyValueSpecification","valueRequired":true,"valueName":"search_term_string"}}],"inLanguage":"en-US"},{"@type":"Organization","@id":"https:\/\/tc-projects.com\/en\/#organization","name":"T&C projects tapizados","url":"https:\/\/tc-projects.com\/en\/","logo":{"@type":"ImageObject","inLanguage":"en-US","@id":"https:\/\/tc-projects.com\/en\/#\/schema\/logo\/image\/","url":"https:\/\/tc-projects.com\/wp-content\/uploads\/2026\/02\/tc-projects-logo2.png","contentUrl":"https:\/\/tc-projects.com\/wp-content\/uploads\/2026\/02\/tc-projects-logo2.png","width":516,"height":516,"caption":"T&C projects tapizados"},"image":{"@id":"https:\/\/tc-projects.com\/en\/#\/schema\/logo\/image\/"},"sameAs":["https:\/\/www.facebook.com\/pages\/TC-Projects\/1427602410785983?fref=ts","https:\/\/www.linkedin.com\/company\/tyc-projects\/","https:\/\/www.instagram.com\/tycprojects\/"]}]}},"_links":{"self":[{"href":"https:\/\/tc-projects.com\/en\/wp-json\/wp\/v2\/pages\/173149","targetHints":{"allow":["GET"]}}],"collection":[{"href":"https:\/\/tc-projects.com\/en\/wp-json\/wp\/v2\/pages"}],"about":[{"href":"https:\/\/tc-projects.com\/en\/wp-json\/wp\/v2\/types\/page"}],"author":[{"embeddable":true,"href":"https:\/\/tc-projects.com\/en\/wp-json\/wp\/v2\/users\/1"}],"replies":[{"embeddable":true,"href":"https:\/\/tc-projects.com\/en\/wp-json\/wp\/v2\/comments?post=173149"}],"version-history":[{"count":0,"href":"https:\/\/tc-projects.com\/en\/wp-json\/wp\/v2\/pages\/173149\/revisions"}],"wp:attachment":[{"href":"https:\/\/tc-projects.com\/en\/wp-json\/wp\/v2\/media?parent=173149"}],"curies":[{"name":"wp","href":"https:\/\/api.w.org\/{rel}","templated":true}]}}